{"id":2,"date":"2025-09-01T12:44:36","date_gmt":"2025-09-01T12:44:36","guid":{"rendered":"https:\/\/alks.com.br\/?page_id=2"},"modified":"2025-09-02T14:44:00","modified_gmt":"2025-09-02T14:44:00","slug":"sample-page","status":"publish","type":"page","link":"https:\/\/alks.com.br\/index.php\/sample-page\/","title":{"rendered":"A EMPRESA"},"content":{"rendered":"\n<p class=\"has-text-align-left has-kubio-color-6-color has-text-color has-link-color has-medium-font-size wp-elements-7b9c4e654ed9710b97596fd0738aaf65\" style=\"font-style:normal;font-weight:500\"><strong>Porque escolher a ALKS? <\/strong> <\/p>\n\n\n\n<p class=\"has-text-align-left has-kubio-color-6-color has-text-color has-link-color wp-elements-8b57c006848ed3ef01332969d9fcf68a\" style=\"font-style:normal;font-weight:500\"><strong>Experi\u00eancia e Qualidade:<\/strong>  Anos de experi\u00eancia no mercado, com equipes t\u00e9cnicas altamente treinadas e qualificadas e produtos de \u00faltima gera\u00e7\u00e3o.<\/p>\n\n\n\n<p class=\"has-text-align-left has-kubio-color-6-color has-text-color has-link-color wp-elements-3c93cdccb84b5abcf22e022af91e3413\" style=\"font-style:normal;font-weight:500\">Na <strong>ALKS<\/strong>, acreditamos que a seguran\u00e7a e o conforto podem andar de m\u00e3os dadas com a tecnologia. Somos especialistas em oferecer solu\u00e7\u00f5es completas de automa\u00e7\u00e3o residencial e predial, seguran\u00e7a eletr\u00f4nica e CFTV, combinando equipamentos de ponta com um servi\u00e7o de instala\u00e7\u00e3o e suporte de excel\u00eancia.<\/p>\n\n\n\n<p><\/p>\n\n\n\n<p class=\"has-text-align-left has-kubio-color-6-color has-text-color has-link-color wp-elements-6e7303360a15c5e913f75a6a4ec7fe61\" style=\"font-style:normal;font-weight:500\">Com anos de experi\u00eancia e equipe t\u00e9cnica altamente qualificada, estamos prontos para projetar, instalar e configurar o sistema ideal para sua casa, condom\u00ednio ou empresa. Nosso objetivo \u00e9 simples: fornecer a voc\u00ea o controle total sobre seu ambiente, garantindo a sua paz de espirito. <\/p>\n\n\n\n<p class=\"has-text-color has-link-color wp-elements-8e9e3efb6fd925f5bb0bcf38a5476fa8\" style=\"color:#3292c9;font-style:normal;font-weight:500\"><strong>ALKS &#8211; Sua tranquilidade \u00e9 a nossa tecnologia<\/strong><\/p>\n","protected":false},"excerpt":{"rendered":"<p>Porque escolher a ALKS? Experi\u00eancia e Qualidade: Anos de experi\u00eancia no mercado, com equipes t\u00e9cnicas altamente treinadas e qualificadas e produtos de \u00faltima gera\u00e7\u00e3o. Na ALKS, acreditamos que a seguran\u00e7a e o conforto podem andar de m\u00e3os dadas com a tecnologia. Somos especialistas em oferecer solu\u00e7\u00f5es completas de automa\u00e7\u00e3o residencial e predial, seguran\u00e7a eletr\u00f4nica e&hellip; <br \/> <a class=\"read-more\" href=\"https:\/\/alks.com.br\/index.php\/sample-page\/\">Leia mais<\/a><\/p>\n","protected":false},"author":1,"featured_media":0,"parent":0,"menu_order":1,"comment_status":"closed","ping_status":"closed","template":"","meta":{"saved_in_kubio":true,"footnotes":""},"class_list":["post-2","page","type-page","status-publish","hentry"],"kubio_ai_page_context":{"short_desc":"","purpose":"general"},"_links":{"self":[{"href":"https:\/\/alks.com.br\/index.php\/wp-json\/wp\/v2\/pages\/2","targetHints":{"allow":["GET"]}}],"collection":[{"href":"https:\/\/alks.com.br\/index.php\/wp-json\/wp\/v2\/pages"}],"about":[{"href":"https:\/\/alks.com.br\/index.php\/wp-json\/wp\/v2\/types\/page"}],"author":[{"embeddable":true,"href":"https:\/\/alks.com.br\/index.php\/wp-json\/wp\/v2\/users\/1"}],"replies":[{"embeddable":true,"href":"https:\/\/alks.com.br\/index.php\/wp-json\/wp\/v2\/comments?post=2"}],"version-history":[{"count":31,"href":"https:\/\/alks.com.br\/index.php\/wp-json\/wp\/v2\/pages\/2\/revisions"}],"predecessor-version":[{"id":1168,"href":"https:\/\/alks.com.br\/index.php\/wp-json\/wp\/v2\/pages\/2\/revisions\/1168"}],"wp:attachment":[{"href":"https:\/\/alks.com.br\/index.php\/wp-json\/wp\/v2\/media?parent=2"}],"curies":[{"name":"wp","href":"https:\/\/api.w.org\/{rel}","templated":true}]}}